{"id":1721,"date":"2021-01-08T19:17:25","date_gmt":"2021-01-08T16:17:25","guid":{"rendered":"https:\/\/bilgelikbilinci.com\/?post_type=product&#038;p=1721"},"modified":"2026-03-30T00:36:18","modified_gmt":"2026-03-29T21:36:18","slug":"bilgelik-bilinci-ders-12-yuksek-frekans-ve-aci-beden","status":"publish","type":"product","link":"https:\/\/bilgelikbilinci.com\/en\/ders\/bilgelik-bilinci-ders-12-yuksek-frekans-ve-aci-beden\/","title":{"rendered":"NOT AVA\u0130LABLE YET"},"content":{"rendered":"<p>Hayat\u0131m\u0131zda ya\u015fad\u0131\u011f\u0131m\u0131z baz\u0131 ac\u0131 olaylar her ne kadar bizi olgunla\u015ft\u0131rsa da ;<br \/>\nMeydana getirdikleri <strong>travmalar\u0131n temizlenmesi<\/strong> gerekir. \u00c7\u00fcnk\u00fc bunlar\u0131n ya\u015fatt\u0131\u011f\u0131 oldu\u011fu olumsuz duygular devam ederse <strong>bizi yanl\u0131\u015f tercihlere y\u00f6nlendirir<\/strong> ve olaylara, insanlara kar\u015f\u0131 <strong>a\u015f\u0131r\u0131 tepkiler vermemize<\/strong> sebep olur , bizi a\u015fa\u011f\u0131 \u00e7eker , ruhsal y\u00fckseli\u015fimizi engeller. Bazen kendimizi de\u011fersiz bazen de su\u00e7lu hissetmemize sebep olur.<br \/>\nBu sebeple ac\u0131 beden temizli\u011fi \u00f6nemlidir. Bu derste Ac\u0131 Beden Temizli\u011fi yaparak Y\u00fcksek Frekansa ula\u015fman\u0131n yollar\u0131n\u0131 \u00f6\u011freneceksiniz.<\/p>\n<p><em>NOT: Her ders, s\u0131ralamadaki \u00f6nceki derslerle direkt ba\u011flant\u0131l\u0131d\u0131r.<\/em><\/p>","protected":false},"excerpt":{"rendered":"<p>Hayat\u0131m\u0131zda ya\u015fad\u0131\u011f\u0131m\u0131z baz\u0131 ac\u0131 olaylar her ne kadar bizi olgunla\u015ft\u0131rsa da;<br \/>\nMeydana getirdikleri <strong>travmalar\u0131n temizlenmesi<\/strong> gerekir. \u00c7\u00fcnk\u00fc bunlar\u0131n ya\u015fatt\u0131\u011f\u0131 oldu\u011fu olumsuz duygular devam ederse <strong>bizi yanl\u0131\u015f tercihlere y\u00f6nlendirir<\/strong> ve olaylara, insanlara kar\u015f\u0131 <strong>a\u015f\u0131r\u0131 tepkiler vermemize<\/strong> sebep olur , bizi a\u015fa\u011f\u0131 \u00e7eker , ruhsal y\u00fckseli\u015fimizi engeller. Bazen kendimizi de\u011fersiz bazen de su\u00e7lu hissetmemize sebep olur.<br \/>\nBu sebeple ac\u0131 beden temizli\u011fi \u00f6nemlidir. Bu derste Ac\u0131 Beden Temizli\u011fi yaparak Y\u00fcksek Frekansa ula\u015fman\u0131n yollar\u0131n\u0131 \u00f6\u011freneceksiniz.<\/p>\n<p><em>NOT: Her ders, s\u0131ralamadaki \u00f6nceki derslerle direkt ba\u011flant\u0131l\u0131d\u0131r.<\/em><\/p>","protected":false},"featured_media":4988,"template":"","meta":[],"product_brand":[],"product_cat":[30],"product_tag":[],"class_list":{"0":"post-1721","1":"product","2":"type-product","3":"status-publish","4":"has-post-thumbnail","6":"product_cat-turkce","8":"first","9":"instock","10":"downloadable","11":"virtual","12":"sold-individually","13":"purchasable","14":"product-type-simple"},"_links":{"self":[{"href":"https:\/\/bilgelikbilinci.com\/en\/wp-json\/wp\/v2\/product\/1721","targetHints":{"allow":["GET"]}}],"collection":[{"href":"https:\/\/bilgelikbilinci.com\/en\/wp-json\/wp\/v2\/product"}],"about":[{"href":"https:\/\/bilgelikbilinci.com\/en\/wp-json\/wp\/v2\/types\/product"}],"wp:featuredmedia":[{"embeddable":true,"href":"https:\/\/bilgelikbilinci.com\/en\/wp-json\/wp\/v2\/media\/4988"}],"wp:attachment":[{"href":"https:\/\/bilgelikbilinci.com\/en\/wp-json\/wp\/v2\/media?parent=1721"}],"wp:term":[{"taxonomy":"product_brand","embeddable":true,"href":"https:\/\/bilgelikbilinci.com\/en\/wp-json\/wp\/v2\/product_brand?post=1721"},{"taxonomy":"product_cat","embeddable":true,"href":"https:\/\/bilgelikbilinci.com\/en\/wp-json\/wp\/v2\/product_cat?post=1721"},{"taxonomy":"product_tag","embeddable":true,"href":"https:\/\/bilgelikbilinci.com\/en\/wp-json\/wp\/v2\/product_tag?post=1721"}],"curies":[{"name":"wp","href":"https:\/\/api.w.org\/{rel}","templated":true}]}}